{"id":84,"date":"2023-04-03T19:28:33","date_gmt":"2023-04-03T17:28:33","guid":{"rendered":"https:\/\/consolatozurigo.esteri.it\/?page_id=84"},"modified":"2025-10-21T16:31:07","modified_gmt":"2025-10-21T14:31:07","slug":"emergency-travel-documents-etd","status":"publish","type":"page","link":"https:\/\/conscapetown.esteri.it\/it\/servizi-consolari-e-visti\/servizi-per-il-cittadino-italiano\/emergency-travel-documents-etd\/","title":{"rendered":"Emergency Travel Documents (ETD)"},"content":{"rendered":"<p><strong>Denuncia furto o smarrimento del passaporto e rilascio ETD (Emergency Travel Document)<\/strong><\/p>\n<p><em>In caso di furto o smarrimento del passaporto, per i residenti, si procede ad una normale emissione di un passaporto.<\/em><\/p>\n<p><em>Per i connazionali in viaggio temporaneamente in Sud Africa si procede al rilascio di un ETD.<\/em><\/p>\n<p><em>L\u2019Emergency Travel Document (ETD), \u00e8 un documento di viaggio provvisorio, la cui validit\u00e0 \u00e8 di 5 giorni a partire dalla data di rilascio, che pu\u00f2 essere emesso, in caso di furto o smarrimento dei documenti, per il solo rientro in Italia o verso lo Stato membro in cui il richiedente ha la residenza permanente comprovata dall\u2019iscrizione in Aire.<\/em><\/p>\n<p><em>L\u2019Emergency Travel Document (ETD) viene normalmente rilasciato a vista, salvo i casi in cui l\u2019Autorit\u00e0 Consolare ritenga necessario effettuare ulteriori accertamenti di Legge che potrebbero differirne la consegna, indipendentemente dalla data del titolo di viaggio in possesso del richiedente.<\/em><\/p>\n<p><em><strong>Attenzione<\/strong>: Gli ETD possono essere emessi in favore di neonati il cui atto di nascita non risulti ancora regolarmente trascritto in Italia presso il competente Comune italiano, solo in caso di comprovatya urgenza e dietro contestuale richiesta di invio in trascrizione dell&#8217;atto di nascita (correttamente apostillato).<\/em><\/p>\n<p>Costo del documento: (clicca\u00a0<a href=\"https:\/\/conscapetown.esteri.it\/it\/servizi-consolari-e-visti\/servizi-per-il-cittadino-italiano\/altri-servizi\/tariffe-consolari\/\">Tariffe consolari<\/a>).<\/p>\n<p><strong>Metodi di pagamento<\/strong>:<\/p>\n<p>\u2022 Si accettano EFT e contanti.<br \/>\n\u2022 Si accettano solo RAND<\/p>\n<p>\u2022\u00a0<strong>Richiedente MAGGIORENNE<\/strong>:<\/p>\n<p>\u2022 modulo di richiesta ETD1 (<a href=\"https:\/\/conscapetown.esteri.it\/wp-content\/uploads\/2023\/11\/mod_etd1_maggiorenni-CT.pdf\">clicca qui<\/a>) correttamente compilato<br \/>\n\u2022 2 x fotografie formato tessera identiche e recenti (non oltre 6 mesi), conformi agli standard internazionali ICAO (<a href=\"https:\/\/conscapetown.esteri.it\/wp-content\/uploads\/2023\/10\/requisiti_foto-2.pdf\">vedi photograph guidelines<\/a>).<br \/>\n\u2022 Copia di un documento di riconoscimento contenente la foto e la firma<br \/>\n\u2022 Oppure, presenza di un testimone che compili il Modulo AFT1 &#8211; Dichiarazione Sostitutiva Atto di Notoriet\u00e0\/Affidavit (<a href=\"https:\/\/conscapetown.esteri.it\/wp-content\/uploads\/2023\/11\/affidativ_dichiarazione_sostitutiva_dell_atto_di_notorieta_per_etd.pdf\">clicca qui<\/a>), munito a sua volta di documento d&#8217;identit\u00e0, che sia in grado di identificare il richiedente ETD;<br \/>\n\u2022 Copia del titolo di viaggio<br \/>\n\u2022 Atto di assenso (in presenza di figli minori e se si \u00e8 residenti AIRE in questa circoscrizione consolare), dell\u2019altro genitore unitamente alla copia di un documento di riconoscimento (solo se cittadino comunitario) in cui sia leggibile la firma del titolare (<a href=\"https:\/\/conscapetown.esteri.it\/wp-content\/uploads\/2023\/10\/modulo_assenso_passaporto-2.pdf\">clicca qui<\/a>). Se l\u2019altro genitore del minore NON \u00e8 cittadino comunitario, l\u2019atto di assenso deve essere firmato in presenza di un pubblico ufficiale.<\/p>\n<p><strong>Richiedente MINORENNE<\/strong>:<\/p>\n<p>\u2022 modulo di richiesta ETD2 (<a href=\"https:\/\/conscapetown.esteri.it\/wp-content\/uploads\/2023\/11\/mod_etd1_minorenni-CT-1.pdf\">clicca qui<\/a>) correttamente compilato e firmato da entrambi i genitori o dall&#8217;accompagnatore delegato dai genitori<br \/>\n\u2022 Documento di riconoscimento con foto e firma di entrambi i genitori o dell&#8217;accompagnatore<br \/>\n\u2022 2 x fotografie formato tessera identiche e recenti (non oltre 6 mesi), conformi agli standard internazionali ICAO (<a href=\"https:\/\/conscapetown.esteri.it\/wp-content\/uploads\/2023\/10\/requisiti_foto-2.pdf\">vedi photograph guidelines).<\/a><br \/>\n\u2022 Oppure, presenza di un testimone che compili il Modulo AFT1 &#8211; Dichiarazione Sostitutiva Atto di Notoriet\u00e0\/Affidavit (<a href=\"https:\/\/conscapetown.esteri.it\/wp-content\/uploads\/2023\/11\/affidativ_dichiarazione_sostitutiva_dell_atto_di_notorieta_per_etd.pdf\">clicca qui<\/a>), munito a sua volta di documento d&#8217;identit\u00e0, che sia in grado di identificare il richiedente;<br \/>\n\u2022 Copia del titolo di viaggio<\/p>\n","protected":false},"excerpt":{"rendered":"Denuncia furto o smarrimento del passaporto e rilascio ETD (Emergency Travel Document) In caso di furto o smarrimento del passaporto, per i residenti, si procede ad una normale emissione di un passaporto. Per i connazionali in viaggio temporaneamente in Sud Africa si procede al rilascio di un ETD. L\u2019Emergency Travel Document (ETD), \u00e8 un documento [&hellip;]","protected":false},"author":1,"featured_media":0,"parent":59,"menu_order":2,"comment_status":"closed","ping_status":"closed","template":"","meta":{"footnotes":""},"class_list":["post-84","page","type-page","status-publish","hentry"],"_links":{"self":[{"href":"https:\/\/conscapetown.esteri.it\/it\/wp-json\/wp\/v2\/pages\/84","targetHints":{"allow":["GET"]}}],"collection":[{"href":"https:\/\/conscapetown.esteri.it\/it\/wp-json\/wp\/v2\/pages"}],"about":[{"href":"https:\/\/conscapetown.esteri.it\/it\/wp-json\/wp\/v2\/types\/page"}],"author":[{"embeddable":true,"href":"https:\/\/conscapetown.esteri.it\/it\/wp-json\/wp\/v2\/users\/1"}],"replies":[{"embeddable":true,"href":"https:\/\/conscapetown.esteri.it\/it\/wp-json\/wp\/v2\/comments?post=84"}],"version-history":[{"count":6,"href":"https:\/\/conscapetown.esteri.it\/it\/wp-json\/wp\/v2\/pages\/84\/revisions"}],"predecessor-version":[{"id":2345,"href":"https:\/\/conscapetown.esteri.it\/it\/wp-json\/wp\/v2\/pages\/84\/revisions\/2345"}],"up":[{"embeddable":true,"href":"https:\/\/conscapetown.esteri.it\/it\/wp-json\/wp\/v2\/pages\/59"}],"wp:attachment":[{"href":"https:\/\/conscapetown.esteri.it\/it\/wp-json\/wp\/v2\/media?parent=84"}],"curies":[{"name":"wp","href":"https:\/\/api.w.org\/{rel}","templated":true}]}}