{"id":37,"date":"2023-04-03T19:15:59","date_gmt":"2023-04-03T17:15:59","guid":{"rendered":"https:\/\/consolatozurigo.esteri.it\/?page_id=37"},"modified":"2026-01-02T10:28:34","modified_gmt":"2026-01-02T08:28:34","slug":"contatti","status":"publish","type":"page","link":"https:\/\/conscapetown.esteri.it\/it\/chi-siamo\/contatti\/","title":{"rendered":"Contatti"},"content":{"rendered":"<p><strong>Indirizzo<\/strong><\/p>\n<p>2 Grey\u2019s Pass, Gardens, Cape Town<br \/>\nTel +27-21-487 3900<br \/>\nFax +27-21-424 0146<\/p>\n<p>&nbsp;<\/p>\n<p><strong>Orari di apertura al pubblico<\/strong><\/p>\n<p>Luned\u00ec, marted\u00ec, venerd\u00ec: 9.00-12.00<br \/>\nGioved\u00ec: 9.00-12.00 e 14.00-16.00<br \/>\nMercoled\u00ec: chiuso.<\/p>\n<p>L\u2019ingresso per il pubblico \u00e8 situato in\u00a0<a href=\"https:\/\/maps.app.goo.gl\/S2SAKGDj9pfKgVhN9\">Dean St<\/a>.<\/p>\n<p>&nbsp;<\/p>\n<p><strong>Contatti telefonici per i servizi consolari:<\/strong><\/p>\n<p>A causa dell\u2019elevata affluenza di utenti, negli orari di apertura al pubblico il personale addetto ai servizi consolari potrebbe essere impossibilitato a rispondere al telefono in quanto impegnato allo sportello.<\/p>\n<p>Si suggerisce pertanto di contattare telefonicamente gli Uffici al di fuori degli orari di ricevumento del pubblico, o di inoltrare le richieste per posta elettronica agli indirizzi indicati di seguito in questa pagina.<\/p>\n<p>Prima di telefonare si raccomanda di consultare le informazioni sui diversi\u00a0<a href=\"https:\/\/conscapetown.esteri.it\/it\/servizi-consolari-e-visti\/\">servizi consolari<\/a>\u00a0presenti su questo sito.<\/p>\n<p>&nbsp;<\/p>\n<p>Ufficio passaporti, patenti, certificati d&#8217;esistenza in vita<br \/>\n<a href=\"mailto:passaporti.capetown@esteri.it\">passaporti.capetown@esteri.it<\/a><\/p>\n<p>Ufficio AIRE, cittadinanza e stato civile<br \/>\n<a href=\"mailto:consolato.capetown@esteri.it\">consolato.capetown@esteri.it<\/a><\/p>\n<p>Ufficio notarile<br \/>\n<a href=\"mailto:consolato.capetown@esteri.it\">consolato.capetown@esteri.it<\/a><\/p>\n<p>Ufficio visti<br \/>\n<a href=\"mailto:visa.capeton@esteri.it\">visa.capetown@esteri.it<\/a><\/p>\n<p>Ufficio Navigazione<br \/>\n<a href=\"https:\/\/conscapetown.esteri.it\/it\/chi-siamo\/consolato.capetown@esteri.it\">consolato.capetown@esteri.it<\/a><\/p>\n<p>Ufficio amministrativo-contabile<br \/>\n<a href=\"mailto:capetown.notarile@esteri.it\">admin.capetown@esteri.it<\/a><\/p>\n<p>Segreteria del Console<br \/>\n<a href=\"mailto:segreteria.capetown@esteri.it\">segreteria.capetown@esteri.it<\/a><\/p>\n<p>Posta certificata (da utilizzare solo se il mittente\u00a0\u00e8 un indirizzo PEC)<br \/>\n<a href=\"mailto:con.capetown@cert.esteri.it\">con.capetown@cert.esteri.it<\/a><br \/>\n<a href=\"mailto:con.capetown.pass@cert.esteri.it\">con.capetown.pass@cert.esteri.it<\/a><\/p>\n<p>&nbsp;<\/p>\n<p><strong>Numero di emergenza<\/strong><\/p>\n<p>Per assistenza urgente ed indifferibile \u00e8 attivo il\u00a0<strong>NUMERO DI EMERGENZA\u00a0<\/strong>+27 (0) 83\u00a0398 3010, dal luned\u00ec al venerd\u00ec dalle ore 17 alle ore 22 e nei fine settimana dalle ore 9 alle ore 22.<br \/>\nDalle ore 22.00 alle ore 8.00 \u00e8 possibile contattare il funzionario di turno del Ministero degli Affari Esteri e della Cooperazione Internazionale al numero +39 0636 91 26 66.<br \/>\nIl numero di emergenza va <strong>utilizzato esclusivamente per situazioni di grave e comprovata emergenza<\/strong> che richiedono <strong>interventi immediati e non differibili<\/strong>\u00a0(quali: incidenti, arresti, gravi problemi medici, calamit\u00e0 naturali, serie situazioni familiari).<\/p>\n<p>&nbsp;<\/p>\n<p><strong>Calendario delle festivit\u00e0<\/strong><\/p>\n<p>Il Consolato osserva le seguenti festivit\u00e0 italiane e sudafricane:<\/p>\n<p>2026<\/p>\n<ul>\n<li>1 gennaio &#8211; Capodanno<\/li>\n<li>21 marzo &#8211; Human Rights Day<\/li>\n<li>6 aprile &#8211; Luned\u00ec dell\u2019Angelo<\/li>\n<li>25 aprile\u00a0 &#8211; Festa della Liberazione<\/li>\n<li>27 aprile &#8211; Freedom Day<\/li>\n<li>1 maggio &#8211; Festa del Lavoro<\/li>\n<li>2 giugno &#8211; Festa della Repubblica Italiana<\/li>\n<li>24 settembre &#8211; Heritage Day<\/li>\n<li>16 dicembre &#8211; Reconciliation Day<\/li>\n<li>25 dicembre &#8211; Natale<\/li>\n<li>26 dicembre &#8211; Santo Stefano<\/li>\n<\/ul>\n<p>&nbsp;<\/p>\n<p><em>Pagina aggiornata il: 02\/01\/2026<\/em><\/p>\n","protected":false},"excerpt":{"rendered":"Indirizzo 2 Grey\u2019s Pass, Gardens, Cape Town Tel +27-21-487 3900 Fax +27-21-424 0146 &nbsp; Orari di apertura al pubblico Luned\u00ec, marted\u00ec, venerd\u00ec: 9.00-12.00 Gioved\u00ec: 9.00-12.00 e 14.00-16.00 Mercoled\u00ec: chiuso. L\u2019ingresso per il pubblico \u00e8 situato in\u00a0Dean St. &nbsp; Contatti telefonici per i servizi consolari: A causa dell\u2019elevata affluenza di utenti, negli orari di apertura al [&hellip;]","protected":false},"author":1,"featured_media":0,"parent":13,"menu_order":8,"comment_status":"closed","ping_status":"closed","template":"","meta":{"footnotes":""},"class_list":["post-37","page","type-page","status-publish","hentry"],"_links":{"self":[{"href":"https:\/\/conscapetown.esteri.it\/it\/wp-json\/wp\/v2\/pages\/37","targetHints":{"allow":["GET"]}}],"collection":[{"href":"https:\/\/conscapetown.esteri.it\/it\/wp-json\/wp\/v2\/pages"}],"about":[{"href":"https:\/\/conscapetown.esteri.it\/it\/wp-json\/wp\/v2\/types\/page"}],"author":[{"embeddable":true,"href":"https:\/\/conscapetown.esteri.it\/it\/wp-json\/wp\/v2\/users\/1"}],"replies":[{"embeddable":true,"href":"https:\/\/conscapetown.esteri.it\/it\/wp-json\/wp\/v2\/comments?post=37"}],"version-history":[{"count":6,"href":"https:\/\/conscapetown.esteri.it\/it\/wp-json\/wp\/v2\/pages\/37\/revisions"}],"predecessor-version":[{"id":2570,"href":"https:\/\/conscapetown.esteri.it\/it\/wp-json\/wp\/v2\/pages\/37\/revisions\/2570"}],"up":[{"embeddable":true,"href":"https:\/\/conscapetown.esteri.it\/it\/wp-json\/wp\/v2\/pages\/13"}],"wp:attachment":[{"href":"https:\/\/conscapetown.esteri.it\/it\/wp-json\/wp\/v2\/media?parent=37"}],"curies":[{"name":"wp","href":"https:\/\/api.w.org\/{rel}","templated":true}]}}