{"id":35,"date":"2023-04-03T19:15:30","date_gmt":"2023-04-03T17:15:30","guid":{"rendered":"https:\/\/consolatozurigo.esteri.it\/?page_id=35"},"modified":"2023-10-18T16:22:46","modified_gmt":"2023-10-18T14:22:46","slug":"la-sede","status":"publish","type":"page","link":"https:\/\/conscapetown.esteri.it\/it\/chi-siamo\/la-sede\/","title":{"rendered":"La Sede"},"content":{"rendered":"<p>Il Consolato d&#8217;Italia a Cape Town \u00e8 ospitato in una storica palazzina, gi\u00e0 appartenente alla famiglia Labia e oggi di propriet\u00e0 della Repubblica Italiana, situata nel centrale quartiere di Gardens, a pochi passi dal Parlamento sudafricano.<\/p>\n<p><img loading=\"lazy\" decoding=\"async\" class=\"wp-image-278 img-fluid aligncenter\" src=\"https:\/\/conscapetown.esteri.it\/wp-content\/uploads\/2023\/10\/consolato.jpg\" alt=\"\" width=\"282\" height=\"218\" \/><\/p>\n<p>&nbsp;<\/p>\n<p>Il piano terra \u00e8 occupato dagli uffici del Consolato, mentre al piano superiore sono situati anche i locali dell&#8217;Ambasciata, che in passato si trasferiva a Cape Town per alcuni mesi in occasione dell&#8217;apertura dei lavori parlamentari.<\/p>\n<p>&nbsp;<\/p>\n","protected":false},"excerpt":{"rendered":"Il Consolato d&#8217;Italia a Cape Town \u00e8 ospitato in una storica palazzina, gi\u00e0 appartenente alla famiglia Labia e oggi di propriet\u00e0 della Repubblica Italiana, situata nel centrale quartiere di Gardens, a pochi passi dal Parlamento sudafricano. &nbsp; Il piano terra \u00e8 occupato dagli uffici del Consolato, mentre al piano superiore sono situati anche i locali [&hellip;]","protected":false},"author":1,"featured_media":278,"parent":13,"menu_order":2,"comment_status":"closed","ping_status":"closed","template":"","meta":{"footnotes":""},"class_list":["post-35","page","type-page","status-publish","has-post-thumbnail","hentry"],"_links":{"self":[{"href":"https:\/\/conscapetown.esteri.it\/it\/wp-json\/wp\/v2\/pages\/35","targetHints":{"allow":["GET"]}}],"collection":[{"href":"https:\/\/conscapetown.esteri.it\/it\/wp-json\/wp\/v2\/pages"}],"about":[{"href":"https:\/\/conscapetown.esteri.it\/it\/wp-json\/wp\/v2\/types\/page"}],"author":[{"embeddable":true,"href":"https:\/\/conscapetown.esteri.it\/it\/wp-json\/wp\/v2\/users\/1"}],"replies":[{"embeddable":true,"href":"https:\/\/conscapetown.esteri.it\/it\/wp-json\/wp\/v2\/comments?post=35"}],"version-history":[{"count":3,"href":"https:\/\/conscapetown.esteri.it\/it\/wp-json\/wp\/v2\/pages\/35\/revisions"}],"predecessor-version":[{"id":281,"href":"https:\/\/conscapetown.esteri.it\/it\/wp-json\/wp\/v2\/pages\/35\/revisions\/281"}],"up":[{"embeddable":true,"href":"https:\/\/conscapetown.esteri.it\/it\/wp-json\/wp\/v2\/pages\/13"}],"wp:featuredmedia":[{"embeddable":true,"href":"https:\/\/conscapetown.esteri.it\/it\/wp-json\/wp\/v2\/media\/278"}],"wp:attachment":[{"href":"https:\/\/conscapetown.esteri.it\/it\/wp-json\/wp\/v2\/media?parent=35"}],"curies":[{"name":"wp","href":"https:\/\/api.w.org\/{rel}","templated":true}]}}