{"id":13,"date":"2023-04-03T18:23:20","date_gmt":"2023-04-03T16:23:20","guid":{"rendered":"https:\/\/consolatozurigo.esteri.it\/?page_id=13"},"modified":"2026-01-02T10:27:17","modified_gmt":"2026-01-02T08:27:17","slug":"chi-siamo","status":"publish","type":"page","link":"https:\/\/conscapetown.esteri.it\/it\/chi-siamo\/","title":{"rendered":"Chi siamo"},"content":{"rendered":"<p>Il <strong>Consolato d\u2019Italia a Cape Town<\/strong> offre <a href=\"https:\/\/conscapetown.esteri.it\/it\/servizi-consolari-e-visti\/\">servizi consolari<\/a> ai cittadini italiani e ai cittadini stranieri residenti nella propria circoscrizione consolare, composta dalle province sudafricane del Western Cape, del Northern Cape e dell&#8217;Eastern Cape, e dall&#8217;isola britannica di Sant&#8217;Elena.<\/p>\n<p>Il <strong><a href=\"https:\/\/conscapetown.esteri.it\/it\/chi-siamo\/il-console\/\">Console d&#8217;Italia<\/a> \u00e8 Giulio Mignacca<\/strong>, coadiuvato da una squadra composta da otto dipendenti.<\/p>\n<p>Nella circoscrizione consolare sono inoltre costituiti due <a href=\"https:\/\/conscapetown.esteri.it\/it\/chi-siamo\/la-rete-consolare\/\">Vice Consolati Onorari<\/a>, rispettivamente a Gqeberha e a East London.<\/p>\n<p>&nbsp;<\/p>\n<p>Maggiori informazioni sugli <a href=\"https:\/\/conscapetown.esteri.it\/it\/chi-siamo\/gli-uffici\/\">uffici<\/a> e sui <a href=\"https:\/\/conscapetown.esteri.it\/it\/chi-siamo\/contatti\/\">contatti<\/a> sono disponibili nelle rispettive sezioni di questo sito.<\/p>\n<p>&nbsp;<\/p>\n<p><strong>Indirizzo<\/strong><\/p>\n<p>2 Grey&#8217;s Pass, Gardens, Cape Town<br \/>\nTel +27-21-487 3900<br \/>\ne-mail: <a href=\"mailto:consolato.capetown@esteri.it\">consolato.capetown@esteri.it<\/a><\/p>\n<p><strong>Orari di apertura al pubblico<\/strong><\/p>\n<p>Luned\u00ec, marted\u00ec, venerd\u00ec: 9.00 -12.00<br \/>\nGioved\u00ec: 9.00 -12.00 e 14.00-16.00<br \/>\nMercoled\u00ec: chiuso.<\/p>\n<p>L&#8217;ingresso per il pubblico \u00e8 situato in <a href=\"https:\/\/maps.app.goo.gl\/S2SAKGDj9pfKgVhN9\">Dean St<\/a>.<\/p>\n<p>&nbsp;<\/p>\n<p><strong>Contatti telefonici per i servizi consolari<\/strong><\/p>\n<p>A causa dell\u2019elevata affluenza di utenti, negli orari di apertura al pubblico il personale addetto ai servizi consolari potrebbe essere impossibilitato a rispondere al telefono in quanto impegnato allo sportello. Si suggerisce pertanto di contattare telefonicamente gli Uffici al di fuori degli orari di ricevimento del pubblico, o di inoltrare le richieste per posta elettronica agli indirizzi indicati di seguito in questa pagina.<\/p>\n<p>Prima di telefonare si raccomanda di consultare le informazioni sui diversi\u00a0<a href=\"https:\/\/conscapetown.esteri.it\/it\/servizi-consolari-e-visti\/\">servizi consolari<\/a>\u00a0presenti su questo sito.<\/p>\n<p>&nbsp;<\/p>\n<p><strong>Numero di emergenza<\/strong><\/p>\n<p>Per assistenza urgente ed indifferibile \u00e8 attivo il\u00a0<strong>NUMERO DI EMERGENZA\u00a0<\/strong>+27 (0) 83 398 3010, dal luned\u00ec al venerd\u00ec dalle ore 16.00 alle ore 22.00 e nei fine settimana dalle ore 9.00 alle ore 22.00.<br \/>\nDalle ore 22.00 alle ore 8.00 \u00e8 possibile contattare il funzionario di turno del Ministero degli Affari Esteri e della Cooperazione Internazionale al numero +39 0636 91 26 66.<br \/>\nIl numero di emergenza va utilizzato <strong>esclusivamente per situazioni di grave e comprovata emergenza che richiedono interventi immediati e non differibili<\/strong>\u00a0(quali: incidenti, arresti, gravi problemi medici, calamit\u00e0 naturali, serie situazioni familiari).<\/p>\n<p>&nbsp;<\/p>\n<p><strong>Calendario delle festivit\u00e0<\/strong><\/p>\n<p>Il Consolato osserva le seguenti festivit\u00e0 italiane e sudafricane:<\/p>\n<p>2026<\/p>\n<ul>\n<li>1 gennaio &#8211; Capodanno<\/li>\n<li>21 marzo &#8211; Human Rights Day<\/li>\n<li>6 aprile &#8211; Luned\u00ec dell\u2019Angelo<\/li>\n<li>25 aprile\u00a0 &#8211; Festa della Liberazione<\/li>\n<li>27 aprile &#8211; Freedom Day<\/li>\n<li>1 maggio &#8211; Festa del Lavoro<\/li>\n<li>2 giugno &#8211; Festa della Repubblica Italiana<\/li>\n<li>24 settembre &#8211; Heritage Day<\/li>\n<li>16 dicembre &#8211; Reconciliation Day<\/li>\n<li>25 dicembre &#8211; Natale<\/li>\n<li>26 dicembre &#8211; Santo Stefano<\/li>\n<\/ul>\n<p>&nbsp;<\/p>\n<p>&nbsp;<\/p>\n<p>&nbsp;<\/p>\n<p><em>Aggiornato il 02\/01\/2026<\/em><\/p>\n","protected":false},"excerpt":{"rendered":"Il Consolato d\u2019Italia a Cape Town offre servizi consolari ai cittadini italiani e ai cittadini stranieri residenti nella propria circoscrizione consolare, composta dalle province sudafricane del Western Cape, del Northern Cape e dell&#8217;Eastern Cape, e dall&#8217;isola britannica di Sant&#8217;Elena. Il Console d&#8217;Italia \u00e8 Giulio Mignacca, coadiuvato da una squadra composta da otto dipendenti. Nella circoscrizione [&hellip;]","protected":false},"author":1,"featured_media":275,"parent":0,"menu_order":2,"comment_status":"closed","ping_status":"closed","template":"","meta":{"footnotes":""},"class_list":["post-13","page","type-page","status-publish","has-post-thumbnail","hentry"],"_links":{"self":[{"href":"https:\/\/conscapetown.esteri.it\/it\/wp-json\/wp\/v2\/pages\/13","targetHints":{"allow":["GET"]}}],"collection":[{"href":"https:\/\/conscapetown.esteri.it\/it\/wp-json\/wp\/v2\/pages"}],"about":[{"href":"https:\/\/conscapetown.esteri.it\/it\/wp-json\/wp\/v2\/types\/page"}],"author":[{"embeddable":true,"href":"https:\/\/conscapetown.esteri.it\/it\/wp-json\/wp\/v2\/users\/1"}],"replies":[{"embeddable":true,"href":"https:\/\/conscapetown.esteri.it\/it\/wp-json\/wp\/v2\/comments?post=13"}],"version-history":[{"count":7,"href":"https:\/\/conscapetown.esteri.it\/it\/wp-json\/wp\/v2\/pages\/13\/revisions"}],"predecessor-version":[{"id":2566,"href":"https:\/\/conscapetown.esteri.it\/it\/wp-json\/wp\/v2\/pages\/13\/revisions\/2566"}],"wp:featuredmedia":[{"embeddable":true,"href":"https:\/\/conscapetown.esteri.it\/it\/wp-json\/wp\/v2\/media\/275"}],"wp:attachment":[{"href":"https:\/\/conscapetown.esteri.it\/it\/wp-json\/wp\/v2\/media?parent=13"}],"curies":[{"name":"wp","href":"https:\/\/api.w.org\/{rel}","templated":true}]}}